{"id":212,"date":"2016-11-23T19:52:58","date_gmt":"2016-11-23T18:52:58","guid":{"rendered":"http:\/\/www.bauoffice.at\/wordpress\/?page_id=212"},"modified":"2024-04-10T16:21:09","modified_gmt":"2024-04-10T14:21:09","slug":"impressum","status":"publish","type":"page","link":"https:\/\/www.bauoffice.at\/wordpress\/impressum\/","title":{"rendered":"Impressum"},"content":{"rendered":"<p>[et_pb_section fb_built=&#8220;1&#8243; custom_padding_last_edited=&#8220;on|desktop&#8220; _builder_version=&#8220;4.16&#8243; custom_padding_tablet=&#8220;50px|0|50px|0&#8243; custom_padding_phone=&#8220;50px|0|50px|0&#8243; transparent_background=&#8220;off&#8220; padding_mobile=&#8220;off&#8220; make_fullwidth=&#8220;off&#8220; use_custom_width=&#8220;off&#8220; width_unit=&#8220;off&#8220; custom_width_px=&#8220;1080px&#8220; custom_width_percent=&#8220;80%&#8220; global_colors_info=&#8220;{}&#8220;][et_pb_row padding_mobile=&#8220;off&#8220; column_padding_mobile=&#8220;on&#8220; _builder_version=&#8220;4.16&#8243; background_size=&#8220;initial&#8220; background_position=&#8220;top_left&#8220; background_repeat=&#8220;repeat&#8220; custom_padding=&#8220;27px|0px|26px|0px&#8220; make_fullwidth=&#8220;off&#8220; use_custom_width=&#8220;off&#8220; width_unit=&#8220;off&#8220; custom_width_px=&#8220;1080px&#8220; custom_width_percent=&#8220;80%&#8220; global_colors_info=&#8220;{}&#8220;][et_pb_column type=&#8220;4_4&#8243; _builder_version=&#8220;4.16&#8243; custom_padding=&#8220;|||&#8220; global_colors_info=&#8220;{}&#8220; custom_padding__hover=&#8220;|||&#8220;][et_pb_blurb title=&#8220;Imressum&#8220; use_icon=&#8220;on&#8220; font_icon=&#8220;&#xe08b;||divi||400&#8243; image_icon_width=&#8220;96px&#8220; _builder_version=&#8220;4.16&#8243; header_text_color=&#8220;#000000&#8243; header_font_size=&#8220;26px&#8220; body_text_color=&#8220;#3a3a3a&#8220; body_letter_spacing=&#8220;1px&#8220; background_color=&#8220;rgba(168,168,168,0.34)&#8220; background_size=&#8220;initial&#8220; background_position=&#8220;top_left&#8220; background_repeat=&#8220;repeat&#8220; text_orientation=&#8220;center&#8220; use_border_color=&#8220;off&#8220; border_color=&#8220;#ffffff&#8220; border_width=&#8220;1px&#8220; border_style=&#8220;solid&#8220; image_max_width=&#8220;none&#8220; icon_font_size=&#8220;96px&#8220; use_circle=&#8220;off&#8220; use_circle_border=&#8220;off&#8220; circle_border_color=&#8220;#594d4d&#8220; circle_color=&#8220;#594d4d&#8220; global_colors_info=&#8220;{}&#8220;][\/et_pb_blurb][\/et_pb_column][\/et_pb_row][\/et_pb_section][et_pb_section fb_built=&#8220;1&#8243; custom_padding_last_edited=&#8220;on|desktop&#8220; _builder_version=&#8220;4.16&#8243; custom_padding_tablet=&#8220;50px|0|50px|0&#8243; custom_padding_phone=&#8220;50px|0|50px|0&#8243; transparent_background=&#8220;off&#8220; padding_mobile=&#8220;off&#8220; make_fullwidth=&#8220;off&#8220; use_custom_width=&#8220;off&#8220; width_unit=&#8220;off&#8220; custom_width_px=&#8220;1080px&#8220; custom_width_percent=&#8220;80%&#8220; global_colors_info=&#8220;{}&#8220;][et_pb_row column_structure=&#8220;3_4,1_4&#8243; padding_mobile=&#8220;off&#8220; column_padding_mobile=&#8220;on&#8220; _builder_version=&#8220;4.16&#8243; background_size=&#8220;initial&#8220; background_position=&#8220;top_left&#8220; background_repeat=&#8220;repeat&#8220; custom_padding=&#8220;17px|||||&#8220; make_fullwidth=&#8220;off&#8220; use_custom_width=&#8220;off&#8220; width_unit=&#8220;off&#8220; custom_width_px=&#8220;1080px&#8220; custom_width_percent=&#8220;80%&#8220; global_colors_info=&#8220;{}&#8220;][et_pb_column type=&#8220;3_4&#8243; _builder_version=&#8220;4.16&#8243; custom_padding=&#8220;|||&#8220; global_colors_info=&#8220;{}&#8220; custom_padding__hover=&#8220;|||&#8220;][et_pb_text _builder_version=&#8220;4.16&#8243; background_size=&#8220;initial&#8220; background_position=&#8220;top_left&#8220; background_repeat=&#8220;repeat&#8220; use_border_color=&#8220;off&#8220; border_style=&#8220;solid&#8220; global_colors_info=&#8220;{}&#8220;]<\/p>\n<p><span style=\"font-size: large;\"><span style=\"color: #191919;\">Firma iKA &#8211; Ing. Kitzler Alexander<\/span>\u00a0<\/span><\/p>\n<p>&nbsp;<\/p>\n<p><span lang=\"DE-AT\">Kleinunternehmer gem. \u00a7 6 Abs 1. Zi. 27 UStG 1994 (von der Umsatzsteuer befreit)<\/span><\/p>\n<p>Ing. Alexander Kitzler, MSc<\/p>\n<p>Am Schlosspark 17<\/p>\n<p>A- 3485 Kamp<\/p>\n<p>T: +43 699 \/ 128 18 834<\/p>\n<p>M: <a href=\"mailto:ika@bauoffice.at\">ika@bauoffice.at<\/a><\/p>\n<p>W: <a href=\"..\/\">www.bauoffice.at<\/a><\/p>\n<p>Informationspflicht lt. Ecomerce-Gesetz (ECG)<\/p>\n<p>Gerichtsstand:<\/p>\n<p>Krems \/ Donau<\/p>\n<h4><span style=\"font-size: x-small;\">Haftungshinweis:\u00a0<\/span><\/h4>\n<p>&nbsp;<\/p>\n<p><span style=\"font-size: x-small;\">Trotz sorgf\u00e4ltiger inhaltlicher Kontrolle \u00fcbernehmen wir keine Haftung f\u00fcr die Inhalte eventueller externer Links. F\u00fcr den Inhalt der verlinkten Seiten sind ausschlie\u00dflich deren Betreiber verantwortlich.<\/span><\/p>\n<p>[\/et_pb_text][et_pb_blurb title=&#8220;Datenschutz&#8220; image_icon_width=&#8220;none&#8220; _builder_version=&#8220;4.16&#8243; background_size=&#8220;initial&#8220; background_position=&#8220;top_left&#8220; background_repeat=&#8220;repeat&#8220; text_orientation=&#8220;center&#8220; use_border_color=&#8220;off&#8220; border_color=&#8220;#ffffff&#8220; border_width=&#8220;1px&#8220; border_style=&#8220;solid&#8220; image_max_width=&#8220;none&#8220; icon_font_size=&#8220;96px&#8220; use_circle=&#8220;off&#8220; use_circle_border=&#8220;off&#8220; circle_border_color=&#8220;#594d4d&#8220; circle_color=&#8220;#594d4d&#8220; global_colors_info=&#8220;{}&#8220;][\/et_pb_blurb][et_pb_text _builder_version=&#8220;4.16&#8243; background_size=&#8220;initial&#8220; background_position=&#8220;top_left&#8220; background_repeat=&#8220;repeat&#8220; use_border_color=&#8220;off&#8220; border_style=&#8220;solid&#8220; global_colors_info=&#8220;{}&#8220;]<\/p>\n<h3 id=\"heading_Erklaerung_zur_Informationspflicht_2\">Erkl&auml;rung zur Informationspflicht<\/h3>\n<\/p>\n<h4 id=\"heading__Datenschutzerklaerung_\">(Datenschutzerkl&auml;rung)<\/h4>\n<\/p>\n<p>Der Schutz Ihrer pers&ouml;nlichen Daten ist uns ein besonderes Anliegen. Wir verarbeiten Ihre Daten daher ausschlie&szlig;lich auf Grundlage der gesetzlichen Bestimmungen (DSGVO, TKG 2003). In diesen Datenschutzinformationen informieren wir Sie &uuml;ber die wichtigsten Aspekte der Datenverarbeitung im Rahmen unserer Website.<\/p>\n<\/p>\n<h4 id=\"heading_Kontakt_mit_uns\">Kontakt mit uns \/ Zusammenarbeit<\/h4>\n<\/p>\n<p>Wenn Sie per Formular auf der Website oder per E-Mail Kontakt mit uns aufnehmen, werden Ihre angegebenen Daten zwecks Bearbeitung der Anfrage und f&uuml;r den Fall von Anschlussfragen bei uns gespeichert. Diese Daten geben wir nicht ohne Ihre Einwilligung weiter.<\/p>\n<p>Eventuell in Folge ausgetauschte Daten werden ausschlie&szlig;lich im Rahmen der notwendigen Gesch&auml;ftsabl&auml;ufe und des im Erforderniss der Zusammenarbeit unabdingbaren Ausma&szlig;es verwendet und nicht an Dritte weiter gegeben.&nbsp;<\/p>\n<p>F&uuml;r Hilfestellungen &uuml;ber Remote-Software (TeamViewer) wird zur einfacheren Handhabung bei sich wiederholenden Verbindungen Ihre Partner-ID (nicht personenbezogen) gespeichert.<\/p>\n<\/p>\n<h4 id=\"heading_Datenspeicherung\"><\/h4>\n<p>[\/et_pb_text][et_pb_text _builder_version=&#8220;4.16&#8243; background_size=&#8220;initial&#8220; background_position=&#8220;top_left&#8220; background_repeat=&#8220;repeat&#8220; use_border_color=&#8220;off&#8220; border_style=&#8220;solid&#8220; global_colors_info=&#8220;{}&#8220;][\/et_pb_text][\/et_pb_column][et_pb_column type=&#8220;1_4&#8243; _builder_version=&#8220;4.16&#8243; custom_padding=&#8220;|||&#8220; global_colors_info=&#8220;{}&#8220; custom_padding__hover=&#8220;|||&#8220;][et_pb_image src=&#8220;https:\/\/www.bauoffice.at\/wordpress\/wp-content\/uploads\/2016\/11\/Logo-iKA-Neu-Schrift-als-Kurven_small.png&#8220; align_tablet=&#8220;center&#8220; align_phone=&#8220;center&#8220; align_last_edited=&#8220;on|desktop&#8220; _builder_version=&#8220;4.16&#8243; animation_style=&#8220;slide&#8220; animation_direction=&#8220;left&#8220; animation_duration=&#8220;500ms&#8220; animation_intensity_slide=&#8220;10%&#8220; use_border_color=&#8220;off&#8220; border_color=&#8220;#ffffff&#8220; border_width=&#8220;1px&#8220; border_style=&#8220;solid&#8220; sticky=&#8220;off&#8220; always_center_on_mobile=&#8220;on&#8220; global_colors_info=&#8220;{}&#8220;][\/et_pb_image][\/et_pb_column][\/et_pb_row][\/et_pb_section]<\/p>\n","protected":false},"excerpt":{"rendered":"<p>Firma iKA &#8211; Ing. Kitzler Alexander\u00a0 &nbsp; Kleinunternehmer gem. \u00a7 6 Abs 1. Zi. 27 UStG 1994 (von der Umsatzsteuer befreit) Ing. Alexander Kitzler, MSc Am Schlosspark 17 A- 3485 Kamp T: +43 699 \/ 128 18 834 M: ika@bauoffice.at W: www.bauoffice.at Informationspflicht lt. Ecomerce-Gesetz (ECG) Gerichtsstand: Krems \/ Donau Haftungshinweis:\u00a0 &nbsp; Trotz sorgf\u00e4ltiger inhaltlicher [&hellip;]<\/p>\n","protected":false},"author":1,"featured_media":0,"parent":0,"menu_order":0,"comment_status":"closed","ping_status":"closed","template":"","meta":{"_et_pb_use_builder":"on","_et_pb_old_content":"","_et_gb_content_width":""},"_links":{"self":[{"href":"https:\/\/www.bauoffice.at\/wordpress\/wp-json\/wp\/v2\/pages\/212"}],"collection":[{"href":"https:\/\/www.bauoffice.at\/wordpress\/wp-json\/wp\/v2\/pages"}],"about":[{"href":"https:\/\/www.bauoffice.at\/wordpress\/wp-json\/wp\/v2\/types\/page"}],"author":[{"embeddable":true,"href":"https:\/\/www.bauoffice.at\/wordpress\/wp-json\/wp\/v2\/users\/1"}],"replies":[{"embeddable":true,"href":"https:\/\/www.bauoffice.at\/wordpress\/wp-json\/wp\/v2\/comments?post=212"}],"version-history":[{"count":10,"href":"https:\/\/www.bauoffice.at\/wordpress\/wp-json\/wp\/v2\/pages\/212\/revisions"}],"predecessor-version":[{"id":327,"href":"https:\/\/www.bauoffice.at\/wordpress\/wp-json\/wp\/v2\/pages\/212\/revisions\/327"}],"wp:attachment":[{"href":"https:\/\/www.bauoffice.at\/wordpress\/wp-json\/wp\/v2\/media?parent=212"}],"curies":[{"name":"wp","href":"https:\/\/api.w.org\/{rel}","templated":true}]}}